{"id":2107,"date":"2017-07-12T11:22:28","date_gmt":"2017-07-12T09:22:28","guid":{"rendered":"https:\/\/pielesprieto.es\/?page_id=2107"},"modified":"2019-11-19T19:15:33","modified_gmt":"2019-11-19T17:15:33","slug":"tailoring","status":"publish","type":"page","link":"https:\/\/pielesprieto.es\/en\/tailoring\/","title":{"rendered":"Tailoring"},"content":{"rendered":"<div id='full_slider_1'  class='avia-fullwidth-slider main_color avia-shadow   avia-builder-el-0  el_before_av_hr  avia-builder-el-first   container_wrap sidebar_right'  ><div  class='avia-slideshow av-av_slideshow_full-ca9aa842821e3a17b01b4e99e5d40465 avia-slideshow-no scaling av_slideshow_full avia-slide-slider av-slideshow-ui av-control-default av-slideshow-manual av-loop-once av-loop-manual-endless av-default-height-applied   avia-slideshow-1' data-slideshow-options=\"{&quot;animation&quot;:&quot;slide&quot;,&quot;autoplay&quot;:false,&quot;loop_autoplay&quot;:&quot;once&quot;,&quot;interval&quot;:5,&quot;loop_manual&quot;:&quot;manual-endless&quot;,&quot;autoplay_stopper&quot;:false,&quot;noNavigation&quot;:false,&quot;bg_slider&quot;:false,&quot;keep_padding&quot;:false,&quot;hoverpause&quot;:false,&quot;show_slide_delay&quot;:0}\"  itemprop=\"image\" itemscope=\"itemscope\" itemtype=\"https:\/\/schema.org\/ImageObject\" ><ul class='avia-slideshow-inner ' style='padding-bottom: 29.798578199052%;'><li  class='avia-slideshow-slide av-av_slideshow_full-ca9aa842821e3a17b01b4e99e5d40465__0  av-single-slide slide-1 slide-odd'><div data-rel='slideshow-1' class='avia-slide-wrap '   ><img decoding=\"async\" class=\"wp-image-4293 avia-img-lazy-loading-not-4293\"  src=\"https:\/\/pielesprieto.es\/wp-content\/uploads\/2019\/10\/prendas-piel.jpg\" width=\"1688\" height=\"503\" title='prendas-piel' alt=''  itemprop=\"thumbnailUrl\" srcset=\"https:\/\/pielesprieto.es\/wp-content\/uploads\/2019\/10\/prendas-piel.jpg 1688w, https:\/\/pielesprieto.es\/wp-content\/uploads\/2019\/10\/prendas-piel-600x179.jpg 600w\" sizes=\"(max-width: 1688px) 100vw, 1688px\" \/><\/div><\/li><\/ul><\/div><\/div><div id='after_full_slider_1'  class='main_color av_default_container_wrap container_wrap sidebar_right'  ><div class='container av-section-cont-open' ><div class='template-page content  av-content-small alpha units'><div class='post-entry post-entry-type-page post-entry-2107'><div class='entry-content-wrapper clearfix'>\n\n<style type=\"text\/css\" data-created_by=\"avia_inline_auto\" id=\"style-css-av-av_hr-5ea7596238ed9f191e6b5e662093052f\">\n#top .hr.hr-invisible.av-av_hr-5ea7596238ed9f191e6b5e662093052f{\nheight:30px;\n}\n<\/style>\n<div  class='hr av-av_hr-5ea7596238ed9f191e6b5e662093052f hr-invisible  avia-builder-el-1  el_after_av_slideshow_full  el_before_av_one_fifth  avia-builder-el-first '><span class='hr-inner '><span class=\"hr-inner-style\"><\/span><\/span><\/div>\n\n<style type=\"text\/css\" data-created_by=\"avia_inline_auto\" id=\"style-css-av-av_one_fifth-6126cab7d8fab8d08143dd2dacdf673c\">\n.flex_column.av-av_one_fifth-6126cab7d8fab8d08143dd2dacdf673c{\n-webkit-border-radius:0px 0px 0px 0px;\n-moz-border-radius:0px 0px 0px 0px;\nborder-radius:0px 0px 0px 0px;\npadding:0px 0px 0px 0px;\n}\n<\/style>\n<div  class='flex_column av-av_one_fifth-6126cab7d8fab8d08143dd2dacdf673c av_one_fifth  avia-builder-el-2  el_after_av_hr  el_before_av_three_fifth  first flex_column_div av-zero-column-padding  '     ><\/div>\n\n<style type=\"text\/css\" data-created_by=\"avia_inline_auto\" id=\"style-css-av-av_three_fifth-0aa7055fe62c3622faec82866afbaeb2\">\n.flex_column.av-av_three_fifth-0aa7055fe62c3622faec82866afbaeb2{\n-webkit-border-radius:0px 0px 0px 0px;\n-moz-border-radius:0px 0px 0px 0px;\nborder-radius:0px 0px 0px 0px;\npadding:0px 0px 0px 0px;\n}\n<\/style>\n<div  class='flex_column av-av_three_fifth-0aa7055fe62c3622faec82866afbaeb2 av_three_fifth  avia-builder-el-3  el_after_av_one_fifth  avia-builder-el-last  flex_column_div av-zero-column-padding  '     ><p>\n<style type=\"text\/css\" data-created_by=\"avia_inline_auto\" id=\"style-css-av-av_heading-1c61f355c38b2be941a43917b8a7c879\">\n#top .av-special-heading.av-av_heading-1c61f355c38b2be941a43917b8a7c879{\npadding-bottom:10px;\n}\nbody .av-special-heading.av-av_heading-1c61f355c38b2be941a43917b8a7c879 .av-special-heading-tag .heading-char{\nfont-size:25px;\n}\n.av-special-heading.av-av_heading-1c61f355c38b2be941a43917b8a7c879 .av-subheading{\nfont-size:15px;\n}\n<\/style>\n<div  class='av-special-heading av-av_heading-1c61f355c38b2be941a43917b8a7c879 av-special-heading-h1 blockquote modern-quote modern-centered  avia-builder-el-4  el_before_av_textblock  avia-builder-el-first '><h1 class='av-special-heading-tag'  itemprop=\"headline\"  >LEATHER AND FUR GARMENTS TAILORED<\/h1><div class=\"special-heading-border\"><div class=\"special-heading-inner-border\"><\/div><\/div><\/div><br \/>\n<section  class='av_textblock_section av-av_textblock-2de302bf1aa3cf4c9157dbe6f50ac7eb '   itemscope=\"itemscope\" itemtype=\"https:\/\/schema.org\/CreativeWork\" ><div class='avia_textblock'  itemprop=\"text\" ><p style=\"text-align: center;\"><strong>PRIETO is committed to artisanal and tailored garments adapted to our clients demands.<\/strong><\/p>\n<p style=\"text-align: center;\">Our team will listen to your wishes and will offer you a personalized solution. At our facilities you will be able to understand the entire dressmaking process and choose from a wide variety of material (leather, fur, zippers, buttons,\u2026) to take the best decision.<\/p>\n<p style=\"text-align: center;\">Ask for an appointment and get a tailored garment.<\/p>\n<\/div><\/section><br \/>\n\n<style type=\"text\/css\" data-created_by=\"avia_inline_auto\" id=\"style-css-av-av_hr-5ea7596238ed9f191e6b5e662093052f\">\n#top .hr.hr-invisible.av-av_hr-5ea7596238ed9f191e6b5e662093052f{\nheight:30px;\n}\n<\/style>\n<div  class='hr av-av_hr-5ea7596238ed9f191e6b5e662093052f hr-invisible  avia-builder-el-6  el_after_av_textblock  el_before_av_button '><span class='hr-inner '><span class=\"hr-inner-style\"><\/span><\/span><\/div><br \/>\n<div  class='avia-button-wrap av-av_button-c692af7c6bf4205d6f077864d015c921-wrap avia-button-center  avia-builder-el-7  el_after_av_hr  el_before_av_hr '><a href='https:\/\/pielesprieto.es\/en\/stores\/'  class='avia-button av-av_button-c692af7c6bf4205d6f077864d015c921 avia-icon_select-no avia-size-large avia-position-center avia-color-theme-color'  ><span class='avia_iconbox_title' >FIND STORE<\/span><\/a><\/div><br \/>\n\n<style type=\"text\/css\" data-created_by=\"avia_inline_auto\" id=\"style-css-av-av_hr-5ea7596238ed9f191e6b5e662093052f\">\n#top .hr.hr-invisible.av-av_hr-5ea7596238ed9f191e6b5e662093052f{\nheight:30px;\n}\n<\/style>\n<div  class='hr av-av_hr-5ea7596238ed9f191e6b5e662093052f hr-invisible  avia-builder-el-8  el_after_av_button  el_before_av_heading '><span class='hr-inner '><span class=\"hr-inner-style\"><\/span><\/span><\/div><br \/>\n\n<style type=\"text\/css\" data-created_by=\"avia_inline_auto\" id=\"style-css-av-av_heading-2c77746bf455259270d23d4eaf7bf421\">\n#top .av-special-heading.av-av_heading-2c77746bf455259270d23d4eaf7bf421{\npadding-bottom:10px;\n}\nbody .av-special-heading.av-av_heading-2c77746bf455259270d23d4eaf7bf421 .av-special-heading-tag .heading-char{\nfont-size:25px;\n}\n.av-special-heading.av-av_heading-2c77746bf455259270d23d4eaf7bf421 .av-subheading{\nfont-size:15px;\n}\n<\/style>\n<div  class='av-special-heading av-av_heading-2c77746bf455259270d23d4eaf7bf421 av-special-heading-h3 blockquote modern-quote modern-centered  avia-builder-el-9  el_after_av_hr  el_before_av_textblock '><h3 class='av-special-heading-tag'  itemprop=\"headline\"  >PRIVATE SHOPPING<\/h3><div class=\"special-heading-border\"><div class=\"special-heading-inner-border\"><\/div><\/div><\/div><br \/>\n<section  class='av_textblock_section av-av_textblock-2de302bf1aa3cf4c9157dbe6f50ac7eb '   itemscope=\"itemscope\" itemtype=\"https:\/\/schema.org\/CreativeWork\" ><div class='avia_textblock'  itemprop=\"text\" ><p style=\"text-align: center;\"><strong>If you are looking for privacy and exclusivity, book an appointment in our Showroom and enjoy a private and individualized customer experience.<\/strong><\/p>\n<p style=\"text-align: center;\">Discover a whole world of possibilities.<\/p>\n<p style=\"text-align: center;\">Ask for an appointment and we will help you to project your best image.<\/p>\n<\/div><\/section><br \/>\n\n<style type=\"text\/css\" data-created_by=\"avia_inline_auto\" id=\"style-css-av-av_hr-5ea7596238ed9f191e6b5e662093052f\">\n#top .hr.hr-invisible.av-av_hr-5ea7596238ed9f191e6b5e662093052f{\nheight:30px;\n}\n<\/style>\n<div  class='hr av-av_hr-5ea7596238ed9f191e6b5e662093052f hr-invisible  avia-builder-el-11  el_after_av_textblock  el_before_av_button '><span class='hr-inner '><span class=\"hr-inner-style\"><\/span><\/span><\/div><br \/>\n<div  class='avia-button-wrap av-av_button-8f0017f6046b2fa8b81d80ea31035f61-wrap avia-button-center  avia-builder-el-12  el_after_av_hr  avia-builder-el-last '><a href='https:\/\/pielesprieto.es\/en\/contact\/'  class='avia-button av-av_button-8f0017f6046b2fa8b81d80ea31035f61 avia-icon_select-no avia-size-large avia-position-center avia-color-theme-color'  ><span class='avia_iconbox_title' >MAKE AN APPOINTMENT<\/span><\/a><\/div><\/p><\/div>\n","protected":false},"excerpt":{"rendered":"","protected":false},"author":1,"featured_media":0,"parent":0,"menu_order":340,"comment_status":"closed","ping_status":"closed","template":"","meta":[],"yoast_head":"<!-- This site is optimized with the Yoast SEO plugin v20.9 - https:\/\/yoast.com\/wordpress\/plugins\/seo\/ -->\n<title>Dise\u00f1o a medida art\u00edculos de piel y peleter\u00eda | Prieto Barcelona<\/title>\n<meta name=\"description\" content=\"Dise\u00f1o a medida de prendas de piel y peleter\u00eda. Cazadoras, chaquetas, chalecos, etc. adaptados a sus necesidades. Amplio surtido de pieles para escoger.\" \/>\n<meta name=\"robots\" content=\"index, follow, max-snippet:-1, max-image-preview:large, max-video-preview:-1\" \/>\n<link rel=\"canonical\" href=\"https:\/\/pielesprieto.es\/en\/tailoring\/\" \/>\n<meta property=\"og:locale\" content=\"en_US\" \/>\n<meta property=\"og:type\" content=\"article\" \/>\n<meta property=\"og:title\" content=\"Dise\u00f1o a medida art\u00edculos de piel y peleter\u00eda | Prieto Barcelona\" \/>\n<meta property=\"og:description\" content=\"Dise\u00f1o a medida de prendas de piel y peleter\u00eda. Cazadoras, chaquetas, chalecos, etc. adaptados a sus necesidades. Amplio surtido de pieles para escoger.\" \/>\n<meta property=\"og:url\" content=\"https:\/\/pielesprieto.es\/en\/tailoring\/\" \/>\n<meta property=\"og:site_name\" content=\"Pieles Prieto\" \/>\n<meta property=\"article:publisher\" content=\"https:\/\/www.facebook.com\/pielesprietobarcelona\/\" \/>\n<meta property=\"article:modified_time\" content=\"2019-11-19T17:15:33+00:00\" \/>\n<meta name=\"twitter:card\" content=\"summary_large_image\" \/>\n<meta name=\"twitter:site\" content=\"@PielesPrieto\" \/>\n<meta name=\"twitter:label1\" content=\"Est. reading time\" \/>\n\t<meta name=\"twitter:data1\" content=\"4 minutes\" \/>\n<script type=\"application\/ld+json\" class=\"yoast-schema-graph\">{\"@context\":\"https:\/\/schema.org\",\"@graph\":[{\"@type\":\"WebPage\",\"@id\":\"https:\/\/pielesprieto.es\/en\/tailoring\/\",\"url\":\"https:\/\/pielesprieto.es\/en\/tailoring\/\",\"name\":\"Dise\u00f1o a medida art\u00edculos de piel y peleter\u00eda | Prieto Barcelona\",\"isPartOf\":{\"@id\":\"https:\/\/pielesprieto.es\/#website\"},\"datePublished\":\"2017-07-12T09:22:28+00:00\",\"dateModified\":\"2019-11-19T17:15:33+00:00\",\"description\":\"Dise\u00f1o a medida de prendas de piel y peleter\u00eda. Cazadoras, chaquetas, chalecos, etc. adaptados a sus necesidades. Amplio surtido de pieles para escoger.\",\"breadcrumb\":{\"@id\":\"https:\/\/pielesprieto.es\/en\/tailoring\/#breadcrumb\"},\"inLanguage\":\"en-US\",\"potentialAction\":[{\"@type\":\"ReadAction\",\"target\":[\"https:\/\/pielesprieto.es\/en\/tailoring\/\"]}]},{\"@type\":\"BreadcrumbList\",\"@id\":\"https:\/\/pielesprieto.es\/en\/tailoring\/#breadcrumb\",\"itemListElement\":[{\"@type\":\"ListItem\",\"position\":1,\"name\":\"Portada\",\"item\":\"https:\/\/pielesprieto.es\/en\/home\/\"},{\"@type\":\"ListItem\",\"position\":2,\"name\":\"Tailoring\"}]},{\"@type\":\"WebSite\",\"@id\":\"https:\/\/pielesprieto.es\/#website\",\"url\":\"https:\/\/pielesprieto.es\/\",\"name\":\"Pieles Prieto\",\"description\":\"Pieles Prieto\",\"potentialAction\":[{\"@type\":\"SearchAction\",\"target\":{\"@type\":\"EntryPoint\",\"urlTemplate\":\"https:\/\/pielesprieto.es\/?s={search_term_string}\"},\"query-input\":\"required name=search_term_string\"}],\"inLanguage\":\"en-US\"}]}<\/script>\n<!-- \/ Yoast SEO plugin. -->","yoast_head_json":{"title":"Dise\u00f1o a medida art\u00edculos de piel y peleter\u00eda | Prieto Barcelona","description":"Dise\u00f1o a medida de prendas de piel y peleter\u00eda. Cazadoras, chaquetas, chalecos, etc. adaptados a sus necesidades. Amplio surtido de pieles para escoger.","robots":{"index":"index","follow":"follow","max-snippet":"max-snippet:-1","max-image-preview":"max-image-preview:large","max-video-preview":"max-video-preview:-1"},"canonical":"https:\/\/pielesprieto.es\/en\/tailoring\/","og_locale":"en_US","og_type":"article","og_title":"Dise\u00f1o a medida art\u00edculos de piel y peleter\u00eda | Prieto Barcelona","og_description":"Dise\u00f1o a medida de prendas de piel y peleter\u00eda. Cazadoras, chaquetas, chalecos, etc. adaptados a sus necesidades. Amplio surtido de pieles para escoger.","og_url":"https:\/\/pielesprieto.es\/en\/tailoring\/","og_site_name":"Pieles Prieto","article_publisher":"https:\/\/www.facebook.com\/pielesprietobarcelona\/","article_modified_time":"2019-11-19T17:15:33+00:00","twitter_card":"summary_large_image","twitter_site":"@PielesPrieto","twitter_misc":{"Est. reading time":"4 minutes"},"schema":{"@context":"https:\/\/schema.org","@graph":[{"@type":"WebPage","@id":"https:\/\/pielesprieto.es\/en\/tailoring\/","url":"https:\/\/pielesprieto.es\/en\/tailoring\/","name":"Dise\u00f1o a medida art\u00edculos de piel y peleter\u00eda | Prieto Barcelona","isPartOf":{"@id":"https:\/\/pielesprieto.es\/#website"},"datePublished":"2017-07-12T09:22:28+00:00","dateModified":"2019-11-19T17:15:33+00:00","description":"Dise\u00f1o a medida de prendas de piel y peleter\u00eda. Cazadoras, chaquetas, chalecos, etc. adaptados a sus necesidades. Amplio surtido de pieles para escoger.","breadcrumb":{"@id":"https:\/\/pielesprieto.es\/en\/tailoring\/#breadcrumb"},"inLanguage":"en-US","potentialAction":[{"@type":"ReadAction","target":["https:\/\/pielesprieto.es\/en\/tailoring\/"]}]},{"@type":"BreadcrumbList","@id":"https:\/\/pielesprieto.es\/en\/tailoring\/#breadcrumb","itemListElement":[{"@type":"ListItem","position":1,"name":"Portada","item":"https:\/\/pielesprieto.es\/en\/home\/"},{"@type":"ListItem","position":2,"name":"Tailoring"}]},{"@type":"WebSite","@id":"https:\/\/pielesprieto.es\/#website","url":"https:\/\/pielesprieto.es\/","name":"Pieles Prieto","description":"Pieles Prieto","potentialAction":[{"@type":"SearchAction","target":{"@type":"EntryPoint","urlTemplate":"https:\/\/pielesprieto.es\/?s={search_term_string}"},"query-input":"required name=search_term_string"}],"inLanguage":"en-US"}]}},"_links":{"self":[{"href":"https:\/\/pielesprieto.es\/en\/wp-json\/wp\/v2\/pages\/2107"}],"collection":[{"href":"https:\/\/pielesprieto.es\/en\/wp-json\/wp\/v2\/pages"}],"about":[{"href":"https:\/\/pielesprieto.es\/en\/wp-json\/wp\/v2\/types\/page"}],"author":[{"embeddable":true,"href":"https:\/\/pielesprieto.es\/en\/wp-json\/wp\/v2\/users\/1"}],"replies":[{"embeddable":true,"href":"https:\/\/pielesprieto.es\/en\/wp-json\/wp\/v2\/comments?post=2107"}],"version-history":[{"count":10,"href":"https:\/\/pielesprieto.es\/en\/wp-json\/wp\/v2\/pages\/2107\/revisions"}],"predecessor-version":[{"id":4793,"href":"https:\/\/pielesprieto.es\/en\/wp-json\/wp\/v2\/pages\/2107\/revisions\/4793"}],"wp:attachment":[{"href":"https:\/\/pielesprieto.es\/en\/wp-json\/wp\/v2\/media?parent=2107"}],"curies":[{"name":"wp","href":"https:\/\/api.w.org\/{rel}","templated":true}]}}