{"id":5411,"date":"2019-12-04T17:34:46","date_gmt":"2019-12-04T15:42:04","guid":{"rendered":"https:\/\/pielesprieto.es\/?post_type=product&#038;p=5411"},"modified":"2019-12-09T19:16:16","modified_gmt":"2019-12-09T17:16:16","slug":"bolso-pell-fuji-viso","status":"publish","type":"product","link":"https:\/\/pielesprieto.es\/ca\/producte\/bolso-pell-fuji-viso\/","title":{"rendered":"BOLSO PELL FUJI VISO"},"content":{"rendered":"<p>Bolso de pell confeccionat en pell de vis\u00f3 despin\u00e7at. Model de talla \u00fanica. Disseny refinat i elegant pensat perque puguis brillar en qualsevol event o en el teu dia a dia. Est\u00e0 treballat artesanalment en marr\u00f2 fosc. Tancament daurat. Aquest model est\u00e0 igualment disponible en altres tipus de pell. Si no trobes el color que busques, consulta\u00b4ns.<\/p>\n<p>Aquest model refelcteix tot el glamour i la eleg\u00e0ncia dels nostres accessoris de pelleteria perque gaudeixis d\u00b4un article \u00fanic i exclusiu.<\/p>\n<p>Els complements de Prieto Barcelona estan confeccionats amb pells de gran qualitat. Al ser un material natural, la pell pot tenir petites irregularitats que no s\u00b4apreci\u00efn a les fotografies del producte. Aquests detalls fan de cada producte Prieto peces \u00faniques.<span class=\"Apple-converted-space\">\u00a0<\/span><\/p>\n<p><b>MIDES:<\/b><\/p>\n<p>25 cmts (ample) x 20 cmts (alt)<\/p>\n<p><b>COMPOSICI\u00d3:<\/b><\/p>\n<p>100% PELL DE VIS\u00d3<\/p>\n<p><b>ADVERT\u00c8NCIES:<\/b><\/p>\n<p>NO RENTAR A M\u00c0QUINA<\/p>\n<p>NO RENTAR A M\u00c0<\/p>\n<p>NETEJA A PELLETERIES ESPECIALITZADES<\/p>\n<p>&nbsp;<\/p>\n<p><a href=\"https:\/\/pielesprieto.es\/ca\/conservacio-manteniment-pelleteria\/\"><b>Con\u00e8ixer m\u00e9s sobre el manteniment de les peces de pelleteria<\/b><\/a><\/p>\n<p>&nbsp;<\/p>\n","protected":false},"excerpt":{"rendered":"<p>Bolso de pell confeccionat en <strong>pell de vis\u00f3 despin\u00e7at<\/strong>. Color <strong>marr\u00f3 fosc.<\/strong> Tancament daurat.<\/p>\n","protected":false},"featured_media":5397,"comment_status":"closed","ping_status":"closed","template":"","meta":[],"product_cat":[461],"product_tag":[493,492,471,473],"yoast_head":"<!-- This site is optimized with the Yoast SEO plugin v20.9 - https:\/\/yoast.com\/wordpress\/plugins\/seo\/ -->\n<title>BOLSO PELL FUJI VISO - Pieles Prieto<\/title>\n<meta name=\"robots\" content=\"index, follow, max-snippet:-1, max-image-preview:large, max-video-preview:-1\" \/>\n<link rel=\"canonical\" href=\"https:\/\/pielesprieto.es\/ca\/producte\/bolso-pell-fuji-viso\/\" \/>\n<meta property=\"og:locale\" content=\"ca_ES\" \/>\n<meta property=\"og:type\" content=\"article\" \/>\n<meta property=\"og:title\" content=\"BOLSO PELL FUJI VISO - Pieles Prieto\" \/>\n<meta property=\"og:description\" content=\"Bolso de pell confeccionat en pell de vis\u00f3 despin\u00e7at. Color marr\u00f3 fosc. Tancament daurat.\" \/>\n<meta property=\"og:url\" content=\"https:\/\/pielesprieto.es\/ca\/producte\/bolso-pell-fuji-viso\/\" \/>\n<meta property=\"og:site_name\" content=\"Pieles Prieto\" \/>\n<meta property=\"article:publisher\" content=\"https:\/\/www.facebook.com\/pielesprietobarcelona\/\" \/>\n<meta property=\"article:modified_time\" content=\"2019-12-09T17:16:16+00:00\" \/>\n<meta property=\"og:image\" content=\"https:\/\/pielesprieto.es\/wp-content\/uploads\/2019\/12\/pe-bolso-fuji-marronoscuro_1000001263.jpg\" \/>\n\t<meta property=\"og:image:width\" content=\"1280\" \/>\n\t<meta property=\"og:image:height\" content=\"1280\" \/>\n\t<meta property=\"og:image:type\" content=\"image\/jpeg\" \/>\n<meta name=\"twitter:card\" content=\"summary_large_image\" \/>\n<meta name=\"twitter:site\" content=\"@PielesPrieto\" \/>\n<meta name=\"twitter:label1\" content=\"Temps estimat de lectura\" \/>\n\t<meta name=\"twitter:data1\" content=\"1 minut\" \/>\n<script type=\"application\/ld+json\" class=\"yoast-schema-graph\">{\"@context\":\"https:\/\/schema.org\",\"@graph\":[{\"@type\":\"WebPage\",\"@id\":\"https:\/\/pielesprieto.es\/ca\/producte\/bolso-pell-fuji-viso\/\",\"url\":\"https:\/\/pielesprieto.es\/ca\/producte\/bolso-pell-fuji-viso\/\",\"name\":\"BOLSO PELL FUJI VISO - Pieles Prieto\",\"isPartOf\":{\"@id\":\"https:\/\/pielesprieto.es\/#website\"},\"datePublished\":\"2019-12-04T15:42:04+00:00\",\"dateModified\":\"2019-12-09T17:16:16+00:00\",\"breadcrumb\":{\"@id\":\"https:\/\/pielesprieto.es\/ca\/producte\/bolso-pell-fuji-viso\/#breadcrumb\"},\"inLanguage\":\"ca\",\"potentialAction\":[{\"@type\":\"ReadAction\",\"target\":[\"https:\/\/pielesprieto.es\/ca\/producte\/bolso-pell-fuji-viso\/\"]}]},{\"@type\":\"BreadcrumbList\",\"@id\":\"https:\/\/pielesprieto.es\/ca\/producte\/bolso-pell-fuji-viso\/#breadcrumb\",\"itemListElement\":[{\"@type\":\"ListItem\",\"position\":1,\"name\":\"Portada\",\"item\":\"https:\/\/pielesprieto.es\/ca\/inici\/\"},{\"@type\":\"ListItem\",\"position\":2,\"name\":\"EShop\",\"item\":\"https:\/\/pielesprieto.es\/ca\/?page_id=4849\"},{\"@type\":\"ListItem\",\"position\":3,\"name\":\"BOLSO PELL FUJI VISO\"}]},{\"@type\":\"WebSite\",\"@id\":\"https:\/\/pielesprieto.es\/#website\",\"url\":\"https:\/\/pielesprieto.es\/\",\"name\":\"Pieles Prieto\",\"description\":\"Pieles Prieto\",\"potentialAction\":[{\"@type\":\"SearchAction\",\"target\":{\"@type\":\"EntryPoint\",\"urlTemplate\":\"https:\/\/pielesprieto.es\/?s={search_term_string}\"},\"query-input\":\"required name=search_term_string\"}],\"inLanguage\":\"ca\"}]}<\/script>\n<!-- \/ Yoast SEO plugin. -->","yoast_head_json":{"title":"BOLSO PELL FUJI VISO - Pieles Prieto","robots":{"index":"index","follow":"follow","max-snippet":"max-snippet:-1","max-image-preview":"max-image-preview:large","max-video-preview":"max-video-preview:-1"},"canonical":"https:\/\/pielesprieto.es\/ca\/producte\/bolso-pell-fuji-viso\/","og_locale":"ca_ES","og_type":"article","og_title":"BOLSO PELL FUJI VISO - Pieles Prieto","og_description":"Bolso de pell confeccionat en pell de vis\u00f3 despin\u00e7at. Color marr\u00f3 fosc. Tancament daurat.","og_url":"https:\/\/pielesprieto.es\/ca\/producte\/bolso-pell-fuji-viso\/","og_site_name":"Pieles Prieto","article_publisher":"https:\/\/www.facebook.com\/pielesprietobarcelona\/","article_modified_time":"2019-12-09T17:16:16+00:00","og_image":[{"width":1280,"height":1280,"url":"https:\/\/pielesprieto.es\/wp-content\/uploads\/2019\/12\/pe-bolso-fuji-marronoscuro_1000001263.jpg","type":"image\/jpeg"}],"twitter_card":"summary_large_image","twitter_site":"@PielesPrieto","twitter_misc":{"Temps estimat de lectura":"1 minut"},"schema":{"@context":"https:\/\/schema.org","@graph":[{"@type":"WebPage","@id":"https:\/\/pielesprieto.es\/ca\/producte\/bolso-pell-fuji-viso\/","url":"https:\/\/pielesprieto.es\/ca\/producte\/bolso-pell-fuji-viso\/","name":"BOLSO PELL FUJI VISO - Pieles Prieto","isPartOf":{"@id":"https:\/\/pielesprieto.es\/#website"},"datePublished":"2019-12-04T15:42:04+00:00","dateModified":"2019-12-09T17:16:16+00:00","breadcrumb":{"@id":"https:\/\/pielesprieto.es\/ca\/producte\/bolso-pell-fuji-viso\/#breadcrumb"},"inLanguage":"ca","potentialAction":[{"@type":"ReadAction","target":["https:\/\/pielesprieto.es\/ca\/producte\/bolso-pell-fuji-viso\/"]}]},{"@type":"BreadcrumbList","@id":"https:\/\/pielesprieto.es\/ca\/producte\/bolso-pell-fuji-viso\/#breadcrumb","itemListElement":[{"@type":"ListItem","position":1,"name":"Portada","item":"https:\/\/pielesprieto.es\/ca\/inici\/"},{"@type":"ListItem","position":2,"name":"EShop","item":"https:\/\/pielesprieto.es\/ca\/?page_id=4849"},{"@type":"ListItem","position":3,"name":"BOLSO PELL FUJI VISO"}]},{"@type":"WebSite","@id":"https:\/\/pielesprieto.es\/#website","url":"https:\/\/pielesprieto.es\/","name":"Pieles Prieto","description":"Pieles Prieto","potentialAction":[{"@type":"SearchAction","target":{"@type":"EntryPoint","urlTemplate":"https:\/\/pielesprieto.es\/?s={search_term_string}"},"query-input":"required name=search_term_string"}],"inLanguage":"ca"}]}},"_links":{"self":[{"href":"https:\/\/pielesprieto.es\/ca\/wp-json\/wp\/v2\/product\/5411"}],"collection":[{"href":"https:\/\/pielesprieto.es\/ca\/wp-json\/wp\/v2\/product"}],"about":[{"href":"https:\/\/pielesprieto.es\/ca\/wp-json\/wp\/v2\/types\/product"}],"replies":[{"embeddable":true,"href":"https:\/\/pielesprieto.es\/ca\/wp-json\/wp\/v2\/comments?post=5411"}],"wp:featuredmedia":[{"embeddable":true,"href":"https:\/\/pielesprieto.es\/ca\/wp-json\/wp\/v2\/media\/5397"}],"wp:attachment":[{"href":"https:\/\/pielesprieto.es\/ca\/wp-json\/wp\/v2\/media?parent=5411"}],"wp:term":[{"taxonomy":"product_cat","embeddable":true,"href":"https:\/\/pielesprieto.es\/ca\/wp-json\/wp\/v2\/product_cat?post=5411"},{"taxonomy":"product_tag","embeddable":true,"href":"https:\/\/pielesprieto.es\/ca\/wp-json\/wp\/v2\/product_tag?post=5411"}],"curies":[{"name":"wp","href":"https:\/\/api.w.org\/{rel}","templated":true}]}}