{"id":543,"date":"2017-07-12T11:08:59","date_gmt":"2017-07-12T09:08:59","guid":{"rendered":"https:\/\/pielesprieto.es\/?page_id=543"},"modified":"2019-11-18T17:33:43","modified_gmt":"2019-11-18T15:33:43","slug":"arranjaments-pell","status":"publish","type":"page","link":"https:\/\/pielesprieto.es\/ca\/arranjaments-pell\/","title":{"rendered":"Arranjaments pell"},"content":{"rendered":"<div id='full_slider_1'  class='avia-fullwidth-slider main_color avia-shadow   avia-builder-el-0  el_before_av_hr  avia-builder-el-first   container_wrap sidebar_right'  ><div  class='avia-slideshow av-av_slideshow_full-ca9aa842821e3a17b01b4e99e5d40465 avia-slideshow-no scaling av_slideshow_full avia-slide-slider av-slideshow-ui av-control-default av-slideshow-manual av-loop-once av-loop-manual-endless av-default-height-applied   avia-slideshow-1' data-slideshow-options=\"{&quot;animation&quot;:&quot;slide&quot;,&quot;autoplay&quot;:false,&quot;loop_autoplay&quot;:&quot;once&quot;,&quot;interval&quot;:5,&quot;loop_manual&quot;:&quot;manual-endless&quot;,&quot;autoplay_stopper&quot;:false,&quot;noNavigation&quot;:false,&quot;bg_slider&quot;:false,&quot;keep_padding&quot;:false,&quot;hoverpause&quot;:false,&quot;show_slide_delay&quot;:0}\"  itemprop=\"image\" itemscope=\"itemscope\" itemtype=\"https:\/\/schema.org\/ImageObject\" ><ul class='avia-slideshow-inner ' style='padding-bottom: 29.83825989961%;'><li  class='avia-slideshow-slide av-av_slideshow_full-ca9aa842821e3a17b01b4e99e5d40465__0  av-single-slide slide-1 slide-odd'><div data-rel='slideshow-1' class='avia-slide-wrap '   ><img decoding=\"async\" class=\"wp-image-4297 avia-img-lazy-loading-not-4297\"  src=\"https:\/\/pielesprieto.es\/wp-content\/uploads\/2019\/10\/arreglos-prendas-piel.jpg\" width=\"1793\" height=\"535\" title='arreglos prendas piel' alt=''  itemprop=\"thumbnailUrl\" srcset=\"https:\/\/pielesprieto.es\/wp-content\/uploads\/2019\/10\/arreglos-prendas-piel.jpg 1793w, https:\/\/pielesprieto.es\/wp-content\/uploads\/2019\/10\/arreglos-prendas-piel-600x179.jpg 600w\" sizes=\"(max-width: 1793px) 100vw, 1793px\" \/><\/div><\/li><\/ul><\/div><\/div><div id='after_full_slider_1'  class='main_color av_default_container_wrap container_wrap sidebar_right'  ><div class='container av-section-cont-open' ><div class='template-page content  av-content-small alpha units'><div class='post-entry post-entry-type-page post-entry-543'><div class='entry-content-wrapper clearfix'>\n\n<style type=\"text\/css\" data-created_by=\"avia_inline_auto\" id=\"style-css-av-av_hr-5ea7596238ed9f191e6b5e662093052f\">\n#top .hr.hr-invisible.av-av_hr-5ea7596238ed9f191e6b5e662093052f{\nheight:30px;\n}\n<\/style>\n<div  class='hr av-av_hr-5ea7596238ed9f191e6b5e662093052f hr-invisible  avia-builder-el-1  el_after_av_slideshow_full  el_before_av_one_fifth  avia-builder-el-first '><span class='hr-inner '><span class=\"hr-inner-style\"><\/span><\/span><\/div>\n\n<style type=\"text\/css\" data-created_by=\"avia_inline_auto\" id=\"style-css-av-av_one_fifth-6126cab7d8fab8d08143dd2dacdf673c\">\n.flex_column.av-av_one_fifth-6126cab7d8fab8d08143dd2dacdf673c{\n-webkit-border-radius:0px 0px 0px 0px;\n-moz-border-radius:0px 0px 0px 0px;\nborder-radius:0px 0px 0px 0px;\npadding:0px 0px 0px 0px;\n}\n<\/style>\n<div  class='flex_column av-av_one_fifth-6126cab7d8fab8d08143dd2dacdf673c av_one_fifth  avia-builder-el-2  el_after_av_hr  el_before_av_three_fifth  first flex_column_div av-zero-column-padding  '     ><\/div>\n\n<style type=\"text\/css\" data-created_by=\"avia_inline_auto\" id=\"style-css-av-av_three_fifth-0aa7055fe62c3622faec82866afbaeb2\">\n.flex_column.av-av_three_fifth-0aa7055fe62c3622faec82866afbaeb2{\n-webkit-border-radius:0px 0px 0px 0px;\n-moz-border-radius:0px 0px 0px 0px;\nborder-radius:0px 0px 0px 0px;\npadding:0px 0px 0px 0px;\n}\n<\/style>\n<div  class='flex_column av-av_three_fifth-0aa7055fe62c3622faec82866afbaeb2 av_three_fifth  avia-builder-el-3  el_after_av_one_fifth  avia-builder-el-last  flex_column_div av-zero-column-padding  '     ><p>\n<style type=\"text\/css\" data-created_by=\"avia_inline_auto\" id=\"style-css-av-av_heading-c00c7b7a4d77b298e54e8939bc08d282\">\n#top .av-special-heading.av-av_heading-c00c7b7a4d77b298e54e8939bc08d282{\npadding-bottom:10px;\n}\nbody .av-special-heading.av-av_heading-c00c7b7a4d77b298e54e8939bc08d282 .av-special-heading-tag .heading-char{\nfont-size:25px;\n}\n.av-special-heading.av-av_heading-c00c7b7a4d77b298e54e8939bc08d282 .av-subheading{\nfont-size:15px;\n}\n<\/style>\n<div  class='av-special-heading av-av_heading-c00c7b7a4d77b298e54e8939bc08d282 av-special-heading-h1 blockquote modern-quote modern-centered  avia-builder-el-4  el_before_av_textblock  avia-builder-el-first '><h1 class='av-special-heading-tag'  itemprop=\"headline\"  >ARRANJAMENTS ARTICLES PELL<\/h1><div class=\"special-heading-border\"><div class=\"special-heading-inner-border\"><\/div><\/div><\/div><br \/>\n<section  class='av_textblock_section av-av_textblock-2de302bf1aa3cf4c9157dbe6f50ac7eb '   itemscope=\"itemscope\" itemtype=\"https:\/\/schema.org\/CreativeWork\" ><div class='avia_textblock'  itemprop=\"text\" ><p style=\"text-align: center;\">La pell \u00e9s un material delicat que necessita un manteniment i uns processos de confecci\u00f3 diferent al t\u00e8xtil.<\/p>\n<p style=\"text-align: center;\">Si tens qualsevol problema amb la teva jaqueta o article de pell, els nostres professionals t\u2019aconsellaran de quina \u00e9s la millor soluci\u00f3 per reparar-la.<\/p>\n<p style=\"text-align: center;\">En les nostres instal\u00b7lacions de Barcelona comptem amb una gran quantitat de pells i un taller equipat amb tots els mitjans per poder realitzar els arranjaments i les modificacions que siguin necess\u00e0ries en articles de napa, nobuk, ante, etc.<\/p>\n<\/div><\/section><br \/>\n\n<style type=\"text\/css\" data-created_by=\"avia_inline_auto\" id=\"style-css-av-av_hr-5ea7596238ed9f191e6b5e662093052f\">\n#top .hr.hr-invisible.av-av_hr-5ea7596238ed9f191e6b5e662093052f{\nheight:30px;\n}\n<\/style>\n<div  class='hr av-av_hr-5ea7596238ed9f191e6b5e662093052f hr-invisible  avia-builder-el-6  el_after_av_textblock  el_before_av_button '><span class='hr-inner '><span class=\"hr-inner-style\"><\/span><\/span><\/div><br \/>\n<div  class='avia-button-wrap av-av_button-615a92d394de730bb7b5ea4134f3f5bd-wrap avia-button-center  avia-builder-el-7  el_after_av_hr  el_before_av_hr '><a href='https:\/\/pielesprieto.es\/ca\/botigues-taller\/'  class='avia-button av-av_button-615a92d394de730bb7b5ea4134f3f5bd avia-icon_select-no avia-size-large avia-position-center avia-color-theme-color'  ><span class='avia_iconbox_title' >On estem?<\/span><\/a><\/div><br \/>\n\n<style type=\"text\/css\" data-created_by=\"avia_inline_auto\" id=\"style-css-av-av_hr-5ea7596238ed9f191e6b5e662093052f\">\n#top .hr.hr-invisible.av-av_hr-5ea7596238ed9f191e6b5e662093052f{\nheight:30px;\n}\n<\/style>\n<div  class='hr av-av_hr-5ea7596238ed9f191e6b5e662093052f hr-invisible  avia-builder-el-8  el_after_av_button  avia-builder-el-last '><span class='hr-inner '><span class=\"hr-inner-style\"><\/span><\/span><\/div><\/p><\/div>\n","protected":false},"excerpt":{"rendered":"","protected":false},"author":1,"featured_media":0,"parent":0,"menu_order":300,"comment_status":"closed","ping_status":"closed","template":"","meta":[],"yoast_head":"<!-- This site is optimized with the Yoast SEO plugin v20.9 - https:\/\/yoast.com\/wordpress\/plugins\/seo\/ -->\n<title>Arreglos prendas de piel, ante, napa y cuero | Pieles Prieto<\/title>\n<meta name=\"description\" content=\"Todo tipo de modificaciones y arreglos en prendas de piel. Taller propio en Barcelona. Vis\u00edtenos y le haremos un presupuesto sin compromiso.\" \/>\n<meta name=\"robots\" content=\"index, follow, max-snippet:-1, max-image-preview:large, max-video-preview:-1\" \/>\n<link rel=\"canonical\" href=\"https:\/\/pielesprieto.es\/ca\/arranjaments-pell\/\" \/>\n<meta property=\"og:locale\" content=\"ca_ES\" \/>\n<meta property=\"og:type\" content=\"article\" \/>\n<meta property=\"og:title\" content=\"Arreglos prendas de piel, ante, napa y cuero | Pieles Prieto\" \/>\n<meta property=\"og:description\" content=\"Todo tipo de modificaciones y arreglos en prendas de piel. Taller propio en Barcelona. Vis\u00edtenos y le haremos un presupuesto sin compromiso.\" \/>\n<meta property=\"og:url\" content=\"https:\/\/pielesprieto.es\/ca\/arranjaments-pell\/\" \/>\n<meta property=\"og:site_name\" content=\"Pieles Prieto\" \/>\n<meta property=\"article:publisher\" content=\"https:\/\/www.facebook.com\/pielesprietobarcelona\/\" \/>\n<meta property=\"article:modified_time\" content=\"2019-11-18T15:33:43+00:00\" \/>\n<meta name=\"twitter:card\" content=\"summary_large_image\" \/>\n<meta name=\"twitter:site\" content=\"@PielesPrieto\" \/>\n<meta name=\"twitter:label1\" content=\"Temps estimat de lectura\" \/>\n\t<meta name=\"twitter:data1\" content=\"3 minuts\" \/>\n<script type=\"application\/ld+json\" class=\"yoast-schema-graph\">{\"@context\":\"https:\/\/schema.org\",\"@graph\":[{\"@type\":\"WebPage\",\"@id\":\"https:\/\/pielesprieto.es\/ca\/arranjaments-pell\/\",\"url\":\"https:\/\/pielesprieto.es\/ca\/arranjaments-pell\/\",\"name\":\"Arreglos prendas de piel, ante, napa y cuero | Pieles Prieto\",\"isPartOf\":{\"@id\":\"https:\/\/pielesprieto.es\/#website\"},\"datePublished\":\"2017-07-12T09:08:59+00:00\",\"dateModified\":\"2019-11-18T15:33:43+00:00\",\"description\":\"Todo tipo de modificaciones y arreglos en prendas de piel. Taller propio en Barcelona. Vis\u00edtenos y le haremos un presupuesto sin compromiso.\",\"breadcrumb\":{\"@id\":\"https:\/\/pielesprieto.es\/ca\/arranjaments-pell\/#breadcrumb\"},\"inLanguage\":\"ca\",\"potentialAction\":[{\"@type\":\"ReadAction\",\"target\":[\"https:\/\/pielesprieto.es\/ca\/arranjaments-pell\/\"]}]},{\"@type\":\"BreadcrumbList\",\"@id\":\"https:\/\/pielesprieto.es\/ca\/arranjaments-pell\/#breadcrumb\",\"itemListElement\":[{\"@type\":\"ListItem\",\"position\":1,\"name\":\"Portada\",\"item\":\"https:\/\/pielesprieto.es\/ca\/inici\/\"},{\"@type\":\"ListItem\",\"position\":2,\"name\":\"Arranjaments pell\"}]},{\"@type\":\"WebSite\",\"@id\":\"https:\/\/pielesprieto.es\/#website\",\"url\":\"https:\/\/pielesprieto.es\/\",\"name\":\"Pieles Prieto\",\"description\":\"Pieles Prieto\",\"potentialAction\":[{\"@type\":\"SearchAction\",\"target\":{\"@type\":\"EntryPoint\",\"urlTemplate\":\"https:\/\/pielesprieto.es\/?s={search_term_string}\"},\"query-input\":\"required name=search_term_string\"}],\"inLanguage\":\"ca\"}]}<\/script>\n<!-- \/ Yoast SEO plugin. -->","yoast_head_json":{"title":"Arreglos prendas de piel, ante, napa y cuero | Pieles Prieto","description":"Todo tipo de modificaciones y arreglos en prendas de piel. Taller propio en Barcelona. Vis\u00edtenos y le haremos un presupuesto sin compromiso.","robots":{"index":"index","follow":"follow","max-snippet":"max-snippet:-1","max-image-preview":"max-image-preview:large","max-video-preview":"max-video-preview:-1"},"canonical":"https:\/\/pielesprieto.es\/ca\/arranjaments-pell\/","og_locale":"ca_ES","og_type":"article","og_title":"Arreglos prendas de piel, ante, napa y cuero | Pieles Prieto","og_description":"Todo tipo de modificaciones y arreglos en prendas de piel. Taller propio en Barcelona. Vis\u00edtenos y le haremos un presupuesto sin compromiso.","og_url":"https:\/\/pielesprieto.es\/ca\/arranjaments-pell\/","og_site_name":"Pieles Prieto","article_publisher":"https:\/\/www.facebook.com\/pielesprietobarcelona\/","article_modified_time":"2019-11-18T15:33:43+00:00","twitter_card":"summary_large_image","twitter_site":"@PielesPrieto","twitter_misc":{"Temps estimat de lectura":"3 minuts"},"schema":{"@context":"https:\/\/schema.org","@graph":[{"@type":"WebPage","@id":"https:\/\/pielesprieto.es\/ca\/arranjaments-pell\/","url":"https:\/\/pielesprieto.es\/ca\/arranjaments-pell\/","name":"Arreglos prendas de piel, ante, napa y cuero | Pieles Prieto","isPartOf":{"@id":"https:\/\/pielesprieto.es\/#website"},"datePublished":"2017-07-12T09:08:59+00:00","dateModified":"2019-11-18T15:33:43+00:00","description":"Todo tipo de modificaciones y arreglos en prendas de piel. Taller propio en Barcelona. Vis\u00edtenos y le haremos un presupuesto sin compromiso.","breadcrumb":{"@id":"https:\/\/pielesprieto.es\/ca\/arranjaments-pell\/#breadcrumb"},"inLanguage":"ca","potentialAction":[{"@type":"ReadAction","target":["https:\/\/pielesprieto.es\/ca\/arranjaments-pell\/"]}]},{"@type":"BreadcrumbList","@id":"https:\/\/pielesprieto.es\/ca\/arranjaments-pell\/#breadcrumb","itemListElement":[{"@type":"ListItem","position":1,"name":"Portada","item":"https:\/\/pielesprieto.es\/ca\/inici\/"},{"@type":"ListItem","position":2,"name":"Arranjaments pell"}]},{"@type":"WebSite","@id":"https:\/\/pielesprieto.es\/#website","url":"https:\/\/pielesprieto.es\/","name":"Pieles Prieto","description":"Pieles Prieto","potentialAction":[{"@type":"SearchAction","target":{"@type":"EntryPoint","urlTemplate":"https:\/\/pielesprieto.es\/?s={search_term_string}"},"query-input":"required name=search_term_string"}],"inLanguage":"ca"}]}},"_links":{"self":[{"href":"https:\/\/pielesprieto.es\/ca\/wp-json\/wp\/v2\/pages\/543"}],"collection":[{"href":"https:\/\/pielesprieto.es\/ca\/wp-json\/wp\/v2\/pages"}],"about":[{"href":"https:\/\/pielesprieto.es\/ca\/wp-json\/wp\/v2\/types\/page"}],"author":[{"embeddable":true,"href":"https:\/\/pielesprieto.es\/ca\/wp-json\/wp\/v2\/users\/1"}],"replies":[{"embeddable":true,"href":"https:\/\/pielesprieto.es\/ca\/wp-json\/wp\/v2\/comments?post=543"}],"version-history":[{"count":10,"href":"https:\/\/pielesprieto.es\/ca\/wp-json\/wp\/v2\/pages\/543\/revisions"}],"predecessor-version":[{"id":4641,"href":"https:\/\/pielesprieto.es\/ca\/wp-json\/wp\/v2\/pages\/543\/revisions\/4641"}],"wp:attachment":[{"href":"https:\/\/pielesprieto.es\/ca\/wp-json\/wp\/v2\/media?parent=543"}],"curies":[{"name":"wp","href":"https:\/\/api.w.org\/{rel}","templated":true}]}}